{"id":2,"date":"2025-10-16T15:34:55","date_gmt":"2025-10-16T15:34:55","guid":{"rendered":"https:\/\/barsensarosa.rkinformatika.online\/?page_id=2"},"modified":"2025-10-24T13:27:23","modified_gmt":"2025-10-24T13:27:23","slug":"inicio","status":"publish","type":"page","link":"https:\/\/barsensarosa.com\/eu\/","title":{"rendered":"Hasiera"},"content":{"rendered":"<div data-elementor-type=\"wp-page\" data-elementor-id=\"2\" class=\"elementor elementor-2\" data-elementor-post-type=\"page\">\n\t\t\t\t\t\t<section class=\"elementor-section elementor-top-section elementor-element elementor-element-8afd80f elementor-section-full_width elementor-section-height-default elementor-section-height-default\" data-id=\"8afd80f\" data-element_type=\"section\" data-e-type=\"section\" data-settings=\"{&quot;background_background&quot;:&quot;classic&quot;}\">\n\t\t\t\t\t\t\t<div class=\"elementor-background-overlay\"><\/div>\n\t\t\t\t\t\t\t<div class=\"elementor-container elementor-column-gap-default\">\n\t\t\t\t\t<div class=\"elementor-column elementor-col-100 elementor-top-column elementor-element elementor-element-950cb38\" data-id=\"950cb38\" data-element_type=\"column\" data-e-type=\"column\">\n\t\t\t<div class=\"elementor-widget-wrap elementor-element-populated\">\n\t\t\t\t\t\t<div class=\"elementor-element elementor-element-9bb9c50 elementor-headline--style-highlight elementor-widget elementor-widget-animated-headline\" data-id=\"9bb9c50\" data-element_type=\"widget\" data-e-type=\"widget\" data-settings=\"{&quot;marker&quot;:&quot;double_underline&quot;,&quot;highlighted_text&quot;:&quot;Pintxo Pote&quot;,&quot;headline_style&quot;:&quot;highlight&quot;,&quot;loop&quot;:&quot;yes&quot;,&quot;highlight_animation_duration&quot;:1200,&quot;highlight_iteration_delay&quot;:8000}\" data-widget_type=\"animated-headline.default\">\n\t\t\t\t\t\t\t<h3 class=\"elementor-headline\">\n\t\t\t\t\t<span class=\"elementor-headline-plain-text elementor-headline-text-wrapper\">\u00a1<\/span>\n\t\t\t\t<span class=\"elementor-headline-dynamic-wrapper elementor-headline-text-wrapper\">\n\t\t\t\t\t<span class=\"elementor-headline-dynamic-text elementor-headline-text-active\">Pintxo Potea<\/span>\n\t\t\t\t<\/span>\n\t\t\t\t\t<span class=\"elementor-headline-plain-text elementor-headline-text-wrapper\">astelehenetik larunbatera!<\/span>\n\t\t\t\t\t<\/h3>\n\t\t\t\t\t\t<\/div>\n\t\t\t\t<div class=\"elementor-element elementor-element-7b48aae elementor-tablet-align-center elementor-align-center elementor-invisible elementor-widget elementor-widget-button\" data-id=\"7b48aae\" data-element_type=\"widget\" data-e-type=\"widget\" data-settings=\"{&quot;_animation&quot;:&quot;fadeInLeft&quot;}\" data-widget_type=\"button.default\">\n\t\t\t\t\t\t\t\t\t\t<a class=\"elementor-button elementor-button-link elementor-size-sm elementor-animation-float\" href=\"\/eu\/servicios\/\">\n\t\t\t\t\t\t<span class=\"elementor-button-content-wrapper\">\n\t\t\t\t\t\t\t\t\t<span class=\"elementor-button-text\">Zerbitzuak<\/span>\n\t\t\t\t\t<\/span>\n\t\t\t\t\t<\/a>\n\t\t\t\t\t\t\t\t<\/div>\n\t\t\t\t\t<\/div>\n\t\t<\/div>\n\t\t\t\t\t<\/div>\n\t\t<\/section>\n\t\t<div class=\"elementor-element elementor-element-c420f62 e-flex e-con-boxed elementor-invisible e-con e-parent\" data-id=\"c420f62\" data-element_type=\"container\" data-e-type=\"container\" data-settings=\"{&quot;background_background&quot;:&quot;classic&quot;,&quot;animation&quot;:&quot;fadeInLeft&quot;}\">\n\t\t\t\t\t<div class=\"e-con-inner\">\n\t\t<div class=\"elementor-element elementor-element-25a631c e-con-full e-flex e-con e-child\" data-id=\"25a631c\" data-element_type=\"container\" data-e-type=\"container\">\n\t\t\t\t<div class=\"elementor-element elementor-element-76958f2 elementor-widget__width-initial elementor-absolute elementor-widget elementor-widget-image\" data-id=\"76958f2\" data-element_type=\"widget\" data-e-type=\"widget\" data-settings=\"{&quot;_position&quot;:&quot;absolute&quot;}\" data-widget_type=\"image.default\">\n\t\t\t\t\t\t\t\t\t\t\t\t\t\t\t<img decoding=\"async\" width=\"222\" height=\"154\" src=\"https:\/\/barsensarosa.com\/wp-content\/uploads\/2025\/10\/copas.png\" class=\"attachment-medium size-medium wp-image-99\" alt=\"\" srcset=\"https:\/\/barsensarosa.com\/wp-content\/uploads\/2025\/10\/copas.png 222w, https:\/\/barsensarosa.com\/wp-content\/uploads\/2025\/10\/copas-18x12.png 18w\" sizes=\"(max-width: 222px) 100vw, 222px\" \/>\t\t\t\t\t\t\t\t\t\t\t\t\t\t\t<\/div>\n\t\t\t\t<div class=\"elementor-element elementor-element-8d219bb elementor-widget elementor-widget-spacer\" data-id=\"8d219bb\" data-element_type=\"widget\" data-e-type=\"widget\" data-widget_type=\"spacer.default\">\n\t\t\t\t\t\t\t<div class=\"elementor-spacer\">\n\t\t\t<div class=\"elementor-spacer-inner\"><\/div>\n\t\t<\/div>\n\t\t\t\t\t\t<\/div>\n\t\t\t\t<div class=\"elementor-element elementor-element-f394741 elementor-widget elementor-widget-heading\" data-id=\"f394741\" data-element_type=\"widget\" data-e-type=\"widget\" data-widget_type=\"heading.default\">\n\t\t\t\t\t<h2 class=\"elementor-heading-title elementor-size-default\">Guri buruz<\/h2>\t\t\t\t<\/div>\n\t\t\t\t<div class=\"elementor-element elementor-element-140ce35 elementor-widget elementor-widget-text-editor\" data-id=\"140ce35\" data-element_type=\"widget\" data-e-type=\"widget\" data-widget_type=\"text-editor.default\">\n\t\t\t\t\t\t\t\t\t<p data-start=\"112\" data-end=\"366\">Duela 35 urtetik hona, taberna hau topalekua, barreak eta adiskidetasuna izan da. Lehen menuak eta platerak eskaintzen genituen, eta etapa hori atzean geratu bazen ere, espiritu bera mantentzen jarraitzen dugu: mahai baten inguruan une onak sortzea.<\/p><p data-start=\"368\" data-end=\"589\">Gaur egun gure historiak astelehenetik larunbatera pintxo potearekin, konbinatuen katxiekin eta lagunekin garagardo on batez gozatzeko terraza batekin jarraitzen du. Inoiz aldatzen ez dena elkarrekin partekatzearen gustua delako.<\/p>\t\t\t\t\t\t\t\t<\/div>\n\t\t\t\t<div class=\"elementor-element elementor-element-da23215 elementor-widget elementor-widget-counter\" data-id=\"da23215\" data-element_type=\"widget\" data-e-type=\"widget\" data-widget_type=\"counter.default\">\n\t\t\t\t\t\t\t<div class=\"elementor-counter\">\n\t\t\t<div class=\"elementor-counter-title\">zerbitzua ematen<\/div>\t\t\t<div class=\"elementor-counter-number-wrapper\">\n\t\t\t\t<span class=\"elementor-counter-number-prefix\">+<\/span>\n\t\t\t\t<span class=\"elementor-counter-number\" data-duration=\"2000\" data-to-value=\"35\" data-from-value=\"0\" data-delimiter=\",\">0<\/span>\n\t\t\t\t<span class=\"elementor-counter-number-suffix\"> urte<\/span>\n\t\t\t<\/div>\n\t\t<\/div>\n\t\t\t\t\t\t<\/div>\n\t\t\t\t<\/div>\n\t\t<div class=\"elementor-element elementor-element-534b9ec e-con-full e-flex e-con e-child\" data-id=\"534b9ec\" data-element_type=\"container\" data-e-type=\"container\">\n\t\t\t\t<div class=\"elementor-element elementor-element-672dc5e elementor-widget elementor-widget-image\" data-id=\"672dc5e\" data-element_type=\"widget\" data-e-type=\"widget\" data-widget_type=\"image.default\">\n\t\t\t\t\t\t\t\t\t\t\t\t\t\t\t<img fetchpriority=\"high\" decoding=\"async\" width=\"1000\" height=\"667\" src=\"https:\/\/barsensarosa.com\/wp-content\/uploads\/2025\/10\/13664.jpg\" class=\"elementor-animation-shrink attachment-full size-full wp-image-235\" alt=\"\" srcset=\"https:\/\/barsensarosa.com\/wp-content\/uploads\/2025\/10\/13664.jpg 1000w, https:\/\/barsensarosa.com\/wp-content\/uploads\/2025\/10\/13664-300x200.jpg 300w, https:\/\/barsensarosa.com\/wp-content\/uploads\/2025\/10\/13664-768x512.jpg 768w, https:\/\/barsensarosa.com\/wp-content\/uploads\/2025\/10\/13664-18x12.jpg 18w\" sizes=\"(max-width: 1000px) 100vw, 1000px\" \/>\t\t\t\t\t\t\t\t\t\t\t\t\t\t\t<\/div>\n\t\t\t\t<\/div>\n\t\t\t\t\t<\/div>\n\t\t\t\t<\/div>\n\t\t<div class=\"elementor-element elementor-element-7677764 e-flex e-con-boxed elementor-invisible e-con e-parent\" data-id=\"7677764\" data-element_type=\"container\" data-e-type=\"container\" data-settings=\"{&quot;background_background&quot;:&quot;classic&quot;,&quot;animation&quot;:&quot;fadeInLeft&quot;}\">\n\t\t\t\t\t<div class=\"e-con-inner\">\n\t\t<div class=\"elementor-element elementor-element-2c15745 e-con-full e-flex e-con e-child\" data-id=\"2c15745\" data-element_type=\"container\" data-e-type=\"container\">\n\t\t\t\t<div class=\"elementor-element elementor-element-a676ca6 elementor-widget elementor-widget-heading\" data-id=\"a676ca6\" data-element_type=\"widget\" data-e-type=\"widget\" data-widget_type=\"heading.default\">\n\t\t\t\t\t<h2 class=\"elementor-heading-title elementor-size-default\">Garagardoak, pintxoak eta kafea<\/h2>\t\t\t\t<\/div>\n\t\t\t\t<\/div>\n\t\t\t\t\t<\/div>\n\t\t\t\t<\/div>\n\t\t<div class=\"elementor-element elementor-element-7eff1ce e-flex e-con-boxed e-con e-parent\" data-id=\"7eff1ce\" data-element_type=\"container\" data-e-type=\"container\">\n\t\t\t\t\t<div class=\"e-con-inner\">\n\t\t<div class=\"elementor-element elementor-element-0e37ecc e-con-full e-flex e-con e-child\" data-id=\"0e37ecc\" data-element_type=\"container\" data-e-type=\"container\">\n\t\t\t\t<div class=\"elementor-element elementor-element-78df91c elementor-widget elementor-widget-image\" data-id=\"78df91c\" data-element_type=\"widget\" data-e-type=\"widget\" data-widget_type=\"image.default\">\n\t\t\t\t\t\t\t\t\t\t\t\t\t\t\t\t<a href=\"\/eu\/servicios\/\">\n\t\t\t\t\t\t\t<img decoding=\"async\" src=\"https:\/\/barsensarosa.com\/wp-content\/uploads\/elementor\/thumbs\/1445-rdbwlr5948lyq8wxhnn9s5cjr7yt2y4ogr00bzhew0.jpg\" title=\"1445.jpg\" alt=\"1445.jpg\" loading=\"lazy\" \/>\t\t\t\t\t\t\t\t<\/a>\n\t\t\t\t\t\t\t\t\t\t\t\t\t\t\t<\/div>\n\t\t\t\t<div class=\"elementor-element elementor-element-a48d786 elementor-widget elementor-widget-heading\" data-id=\"a48d786\" data-element_type=\"widget\" data-e-type=\"widget\" data-widget_type=\"heading.default\">\n\t\t\t\t\t<h2 class=\"elementor-heading-title elementor-size-default\"><a href=\"\/eu\/servicios\/\">Kafea<\/a><\/h2>\t\t\t\t<\/div>\n\t\t\t\t<\/div>\n\t\t<div class=\"elementor-element elementor-element-b352c98 e-con-full e-flex e-con e-child\" data-id=\"b352c98\" data-element_type=\"container\" data-e-type=\"container\">\n\t\t\t\t<div class=\"elementor-element elementor-element-b37d193 elementor-widget elementor-widget-image\" data-id=\"b37d193\" data-element_type=\"widget\" data-e-type=\"widget\" data-widget_type=\"image.default\">\n\t\t\t\t\t\t\t\t\t\t\t\t\t\t\t\t<a href=\"\/eu\/servicios\/\">\n\t\t\t\t\t\t\t<img decoding=\"async\" src=\"https:\/\/barsensarosa.com\/wp-content\/uploads\/elementor\/thumbs\/17-rdbzaszcrfgrgtxxs3vjq5ovsfm4tweyt3vt5hl2g0.jpg\" title=\"17\" alt=\"17\" loading=\"lazy\" \/>\t\t\t\t\t\t\t\t<\/a>\n\t\t\t\t\t\t\t\t\t\t\t\t\t\t\t<\/div>\n\t\t\t\t<div class=\"elementor-element elementor-element-fe74927 elementor-widget elementor-widget-heading\" data-id=\"fe74927\" data-element_type=\"widget\" data-e-type=\"widget\" data-widget_type=\"heading.default\">\n\t\t\t\t\t<h2 class=\"elementor-heading-title elementor-size-default\"><a href=\"\/eu\/servicios\/\">Garagardoak<\/a><\/h2>\t\t\t\t<\/div>\n\t\t\t\t<\/div>\n\t\t<div class=\"elementor-element elementor-element-9d8f6a4 e-con-full e-flex e-con e-child\" data-id=\"9d8f6a4\" data-element_type=\"container\" data-e-type=\"container\">\n\t\t\t\t<div class=\"elementor-element elementor-element-79fa585 elementor-widget elementor-widget-image\" data-id=\"79fa585\" data-element_type=\"widget\" data-e-type=\"widget\" data-widget_type=\"image.default\">\n\t\t\t\t\t\t\t\t\t\t\t\t\t\t\t\t<a href=\"\/eu\/servicios\/\">\n\t\t\t\t\t\t\t<img decoding=\"async\" src=\"https:\/\/barsensarosa.com\/wp-content\/uploads\/elementor\/thumbs\/48939-rdbzazk839prq3odpopxpm13y4ppbs5360g7ifbb8g.jpg\" title=\"48939\" alt=\"48939\" loading=\"lazy\" \/>\t\t\t\t\t\t\t\t<\/a>\n\t\t\t\t\t\t\t\t\t\t\t\t\t\t\t<\/div>\n\t\t\t\t<div class=\"elementor-element elementor-element-3e1c9fe elementor-widget elementor-widget-heading\" data-id=\"3e1c9fe\" data-element_type=\"widget\" data-e-type=\"widget\" data-widget_type=\"heading.default\">\n\t\t\t\t\t<h2 class=\"elementor-heading-title elementor-size-default\"><a href=\"\/eu\/servicios\/\">Likoreak<\/a><\/h2>\t\t\t\t<\/div>\n\t\t\t\t<\/div>\n\t\t\t\t\t<\/div>\n\t\t\t\t<\/div>\n\t\t<div class=\"elementor-element elementor-element-a00dae2 e-flex e-con-boxed elementor-invisible e-con e-parent\" data-id=\"a00dae2\" data-element_type=\"container\" data-e-type=\"container\" data-settings=\"{&quot;background_background&quot;:&quot;classic&quot;,&quot;animation&quot;:&quot;fadeInLeft&quot;}\">\n\t\t\t\t\t<div class=\"e-con-inner\">\n\t\t<div class=\"elementor-element elementor-element-d709589 e-con-full e-flex e-con e-child\" data-id=\"d709589\" data-element_type=\"container\" data-e-type=\"container\">\n\t\t\t\t<div class=\"elementor-element elementor-element-371fd33 elementor-arrows-position-inside elementor-pagination-position-outside elementor-widget elementor-widget-image-carousel\" data-id=\"371fd33\" data-element_type=\"widget\" data-e-type=\"widget\" data-settings=\"{&quot;image_spacing_custom&quot;:{&quot;unit&quot;:&quot;px&quot;,&quot;size&quot;:5,&quot;sizes&quot;:[]},&quot;navigation&quot;:&quot;both&quot;,&quot;autoplay&quot;:&quot;yes&quot;,&quot;pause_on_hover&quot;:&quot;yes&quot;,&quot;pause_on_interaction&quot;:&quot;yes&quot;,&quot;autoplay_speed&quot;:5000,&quot;infinite&quot;:&quot;yes&quot;,&quot;speed&quot;:500,&quot;image_spacing_custom_tablet&quot;:{&quot;unit&quot;:&quot;px&quot;,&quot;size&quot;:&quot;&quot;,&quot;sizes&quot;:[]},&quot;image_spacing_custom_mobile&quot;:{&quot;unit&quot;:&quot;px&quot;,&quot;size&quot;:&quot;&quot;,&quot;sizes&quot;:[]}}\" data-widget_type=\"image-carousel.default\">\n\t\t\t\t\t\t\t<div class=\"elementor-image-carousel-wrapper swiper\" role=\"region\" aria-roledescription=\"carousel\" aria-label=\"Carrusel de im\u00e1genes\" dir=\"ltr\">\n\t\t\t<div class=\"elementor-image-carousel swiper-wrapper\" aria-live=\"off\">\n\t\t\t\t\t\t\t\t<div class=\"swiper-slide\" role=\"group\" aria-roledescription=\"slide\" aria-label=\"1 de 4\"><figure class=\"swiper-slide-inner\"><img decoding=\"async\" class=\"swiper-slide-image\" src=\"https:\/\/barsensarosa.com\/wp-content\/uploads\/elementor\/thumbs\/WhatsApp-Image-2025-10-17-at-13.42.58-rdc8230j3x23o9zdrvznk3jss3n9n31t5lbv1o49eo.jpeg\" alt=\"WhatsApp Image 2025-10-17 at 13.42.58\" \/><\/figure><\/div><div class=\"swiper-slide\" role=\"group\" aria-roledescription=\"slide\" aria-label=\"2 de 4\"><figure class=\"swiper-slide-inner\"><img decoding=\"async\" class=\"swiper-slide-image\" src=\"https:\/\/barsensarosa.com\/wp-content\/uploads\/elementor\/thumbs\/WhatsApp-Image-2025-10-17-at-13.42.57-rdc825u1of5yn3vabf7j9ku6k99da6d05zabhi02w0.jpeg\" alt=\"WhatsApp Image 2025-10-17 at 13.42.57\" \/><\/figure><\/div><div class=\"swiper-slide\" role=\"group\" aria-roledescription=\"slide\" aria-label=\"3 de 4\"><figure class=\"swiper-slide-inner\"><img decoding=\"async\" class=\"swiper-slide-image\" src=\"https:\/\/barsensarosa.com\/wp-content\/uploads\/elementor\/thumbs\/WhatsApp-Image-2025-10-17-at-13.42.55-rdc827pq238jabsk0g0sekd3r103pkkgu8lag1xajk.jpeg\" alt=\"WhatsApp Image 2025-10-17 at 13.42.55\" \/><\/figure><\/div><div class=\"swiper-slide\" role=\"group\" aria-roledescription=\"slide\" aria-label=\"4 de 4\"><figure class=\"swiper-slide-inner\"><img decoding=\"async\" class=\"swiper-slide-image\" src=\"https:\/\/barsensarosa.com\/wp-content\/uploads\/elementor\/thumbs\/WhatsApp-Image-2025-10-17-at-13.42.54-rdc829lefrb3xjptpgu1jjw0xsqu4yrxihw9elui74.jpeg\" alt=\"WhatsApp Image 2025-10-17 at 13.42.54\" \/><\/figure><\/div>\t\t\t<\/div>\n\t\t\t\t\t\t\t\t\t\t\t\t<div class=\"elementor-swiper-button elementor-swiper-button-prev\" role=\"button\" tabindex=\"0\">\n\t\t\t\t\t\t<svg aria-hidden=\"true\" class=\"e-font-icon-svg e-eicon-chevron-left\" viewbox=\"0 0 1000 1000\" xmlns=\"http:\/\/www.w3.org\/2000\/svg\"><path d=\"M646 125C629 125 613 133 604 142L308 442C296 454 292 471 292 487 292 504 296 521 308 533L604 854C617 867 629 875 646 875 663 875 679 871 692 858 704 846 713 829 713 812 713 796 708 779 692 767L438 487 692 225C700 217 708 204 708 187 708 171 704 154 692 142 675 129 663 125 646 125Z\"><\/path><\/svg>\t\t\t\t\t<\/div>\n\t\t\t\t\t<div class=\"elementor-swiper-button elementor-swiper-button-next\" role=\"button\" tabindex=\"0\">\n\t\t\t\t\t\t<svg aria-hidden=\"true\" class=\"e-font-icon-svg e-eicon-chevron-right\" viewbox=\"0 0 1000 1000\" xmlns=\"http:\/\/www.w3.org\/2000\/svg\"><path d=\"M696 533C708 521 713 504 713 487 713 471 708 454 696 446L400 146C388 133 375 125 354 125 338 125 325 129 313 142 300 154 292 171 292 187 292 204 296 221 308 233L563 492 304 771C292 783 288 800 288 817 288 833 296 850 308 863 321 871 338 875 354 875 371 875 388 867 400 854L696 533Z\"><\/path><\/svg>\t\t\t\t\t<\/div>\n\t\t\t\t\n\t\t\t\t\t\t\t\t\t<div class=\"swiper-pagination\"><\/div>\n\t\t\t\t\t\t\t\t\t<\/div>\n\t\t\t\t\t\t<\/div>\n\t\t\t\t<\/div>\n\t\t\t\t\t<\/div>\n\t\t\t\t<\/div>\n\t\t\t\t<\/div>","protected":false},"excerpt":{"rendered":"<p>\u00a1 Pintxo Pote de lunes a sabado! Servicios Sobre Nosotros Desde hace 35 a\u00f1os, este bar ha sido un lugar de encuentro, risas y amistad. Antes ofrec\u00edamos men\u00fas y platos, y aunque esa etapa ya qued\u00f3 atr\u00e1s, seguimos manteniendo el mismo esp\u00edritu: crear buenos momentos alrededor de una mesa. Hoy nuestra historia contin\u00faa con pintxo [&hellip;]<\/p>\n","protected":false},"author":1,"featured_media":0,"parent":0,"menu_order":0,"comment_status":"closed","ping_status":"closed","template":"elementor_canvas","meta":{"footnotes":""},"class_list":["post-2","page","type-page","status-publish","hentry"],"yoast_head":"<!-- This site is optimized with the Yoast SEO plugin v27.3 - https:\/\/yoast.com\/product\/yoast-seo-wordpress\/ -->\n<title>Inicio - Bar Sensarosa<\/title>\n<meta name=\"robots\" content=\"index, follow, max-snippet:-1, max-image-preview:large, max-video-preview:-1\" \/>\n<link rel=\"canonical\" href=\"https:\/\/barsensarosa.com\/eu\/\" \/>\n<meta property=\"og:locale\" content=\"en_US\" \/>\n<meta property=\"og:type\" content=\"article\" \/>\n<meta property=\"og:title\" content=\"Inicio - Bar Sensarosa\" \/>\n<meta property=\"og:description\" content=\"\u00a1 Pintxo Pote de lunes a sabado! Servicios Sobre Nosotros Desde hace 35 a\u00f1os, este bar ha sido un lugar de encuentro, risas y amistad. Antes ofrec\u00edamos men\u00fas y platos, y aunque esa etapa ya qued\u00f3 atr\u00e1s, seguimos manteniendo el mismo esp\u00edritu: crear buenos momentos alrededor de una mesa. Hoy nuestra historia contin\u00faa con pintxo [&hellip;]\" \/>\n<meta property=\"og:url\" content=\"https:\/\/barsensarosa.com\/eu\/\" \/>\n<meta property=\"og:site_name\" content=\"Bar Sensarosa\" \/>\n<meta property=\"article:modified_time\" content=\"2025-10-24T13:27:23+00:00\" \/>\n<meta property=\"og:image\" content=\"https:\/\/barsensarosa.com\/wp-content\/uploads\/2025\/10\/copas.png\" \/>\n\t<meta property=\"og:image:width\" content=\"222\" \/>\n\t<meta property=\"og:image:height\" content=\"154\" \/>\n\t<meta property=\"og:image:type\" content=\"image\/png\" \/>\n<meta name=\"twitter:card\" content=\"summary_large_image\" \/>\n<meta name=\"twitter:label1\" content=\"Est. reading time\" \/>\n\t<meta name=\"twitter:data1\" content=\"4 minutua\" \/>\n<script type=\"application\/ld+json\" class=\"yoast-schema-graph\">{\"@context\":\"https:\\\/\\\/schema.org\",\"@graph\":[{\"@type\":\"WebPage\",\"@id\":\"https:\\\/\\\/barsensarosa.com\\\/\",\"url\":\"https:\\\/\\\/barsensarosa.com\\\/\",\"name\":\"Inicio - Bar Sensarosa\",\"isPartOf\":{\"@id\":\"https:\\\/\\\/barsensarosa.com\\\/#website\"},\"primaryImageOfPage\":{\"@id\":\"https:\\\/\\\/barsensarosa.com\\\/#primaryimage\"},\"image\":{\"@id\":\"https:\\\/\\\/barsensarosa.com\\\/#primaryimage\"},\"thumbnailUrl\":\"https:\\\/\\\/barsensarosa.com\\\/wp-content\\\/uploads\\\/2025\\\/10\\\/copas.png\",\"datePublished\":\"2025-10-16T15:34:55+00:00\",\"dateModified\":\"2025-10-24T13:27:23+00:00\",\"breadcrumb\":{\"@id\":\"https:\\\/\\\/barsensarosa.com\\\/#breadcrumb\"},\"inLanguage\":\"eu\",\"potentialAction\":[{\"@type\":\"ReadAction\",\"target\":[\"https:\\\/\\\/barsensarosa.com\\\/\"]}]},{\"@type\":\"ImageObject\",\"inLanguage\":\"eu\",\"@id\":\"https:\\\/\\\/barsensarosa.com\\\/#primaryimage\",\"url\":\"https:\\\/\\\/barsensarosa.com\\\/wp-content\\\/uploads\\\/2025\\\/10\\\/copas.png\",\"contentUrl\":\"https:\\\/\\\/barsensarosa.com\\\/wp-content\\\/uploads\\\/2025\\\/10\\\/copas.png\"},{\"@type\":\"BreadcrumbList\",\"@id\":\"https:\\\/\\\/barsensarosa.com\\\/#breadcrumb\",\"itemListElement\":[{\"@type\":\"ListItem\",\"position\":1,\"name\":\"Portada\",\"item\":\"https:\\\/\\\/barsensarosa.com\\\/\"},{\"@type\":\"ListItem\",\"position\":2,\"name\":\"Inicio\"}]},{\"@type\":\"WebSite\",\"@id\":\"https:\\\/\\\/barsensarosa.com\\\/#website\",\"url\":\"https:\\\/\\\/barsensarosa.com\\\/\",\"name\":\"Bar Sensarosa\",\"description\":\"Bar Sensarosa\",\"publisher\":{\"@id\":\"https:\\\/\\\/barsensarosa.com\\\/#organization\"},\"potentialAction\":[{\"@type\":\"SearchAction\",\"target\":{\"@type\":\"EntryPoint\",\"urlTemplate\":\"https:\\\/\\\/barsensarosa.com\\\/?s={search_term_string}\"},\"query-input\":{\"@type\":\"PropertyValueSpecification\",\"valueRequired\":true,\"valueName\":\"search_term_string\"}}],\"inLanguage\":\"eu\"},{\"@type\":\"Organization\",\"@id\":\"https:\\\/\\\/barsensarosa.com\\\/#organization\",\"name\":\"Bar Sensarosa\",\"url\":\"https:\\\/\\\/barsensarosa.com\\\/\",\"logo\":{\"@type\":\"ImageObject\",\"inLanguage\":\"eu\",\"@id\":\"https:\\\/\\\/barsensarosa.com\\\/#\\\/schema\\\/logo\\\/image\\\/\",\"url\":\"https:\\\/\\\/barsensarosa.com\\\/wp-content\\\/uploads\\\/2025\\\/10\\\/cropped-logo.jpg\",\"contentUrl\":\"https:\\\/\\\/barsensarosa.com\\\/wp-content\\\/uploads\\\/2025\\\/10\\\/cropped-logo.jpg\",\"width\":297,\"height\":222,\"caption\":\"Bar Sensarosa\"},\"image\":{\"@id\":\"https:\\\/\\\/barsensarosa.com\\\/#\\\/schema\\\/logo\\\/image\\\/\"}}]}<\/script>\n<!-- \/ Yoast SEO plugin. -->","yoast_head_json":{"title":"Inicio - Bar Sensarosa","robots":{"index":"index","follow":"follow","max-snippet":"max-snippet:-1","max-image-preview":"max-image-preview:large","max-video-preview":"max-video-preview:-1"},"canonical":"https:\/\/barsensarosa.com\/eu\/","og_locale":"en_US","og_type":"article","og_title":"Inicio - Bar Sensarosa","og_description":"\u00a1 Pintxo Pote de lunes a sabado! Servicios Sobre Nosotros Desde hace 35 a\u00f1os, este bar ha sido un lugar de encuentro, risas y amistad. Antes ofrec\u00edamos men\u00fas y platos, y aunque esa etapa ya qued\u00f3 atr\u00e1s, seguimos manteniendo el mismo esp\u00edritu: crear buenos momentos alrededor de una mesa. Hoy nuestra historia contin\u00faa con pintxo [&hellip;]","og_url":"https:\/\/barsensarosa.com\/eu\/","og_site_name":"Bar Sensarosa","article_modified_time":"2025-10-24T13:27:23+00:00","og_image":[{"width":222,"height":154,"url":"https:\/\/barsensarosa.com\/wp-content\/uploads\/2025\/10\/copas.png","type":"image\/png"}],"twitter_card":"summary_large_image","twitter_misc":{"Est. reading time":"4 minutua"},"schema":{"@context":"https:\/\/schema.org","@graph":[{"@type":"WebPage","@id":"https:\/\/barsensarosa.com\/","url":"https:\/\/barsensarosa.com\/","name":"Inicio - Bar Sensarosa","isPartOf":{"@id":"https:\/\/barsensarosa.com\/#website"},"primaryImageOfPage":{"@id":"https:\/\/barsensarosa.com\/#primaryimage"},"image":{"@id":"https:\/\/barsensarosa.com\/#primaryimage"},"thumbnailUrl":"https:\/\/barsensarosa.com\/wp-content\/uploads\/2025\/10\/copas.png","datePublished":"2025-10-16T15:34:55+00:00","dateModified":"2025-10-24T13:27:23+00:00","breadcrumb":{"@id":"https:\/\/barsensarosa.com\/#breadcrumb"},"inLanguage":"eu","potentialAction":[{"@type":"ReadAction","target":["https:\/\/barsensarosa.com\/"]}]},{"@type":"ImageObject","inLanguage":"eu","@id":"https:\/\/barsensarosa.com\/#primaryimage","url":"https:\/\/barsensarosa.com\/wp-content\/uploads\/2025\/10\/copas.png","contentUrl":"https:\/\/barsensarosa.com\/wp-content\/uploads\/2025\/10\/copas.png"},{"@type":"BreadcrumbList","@id":"https:\/\/barsensarosa.com\/#breadcrumb","itemListElement":[{"@type":"ListItem","position":1,"name":"Portada","item":"https:\/\/barsensarosa.com\/"},{"@type":"ListItem","position":2,"name":"Inicio"}]},{"@type":"WebSite","@id":"https:\/\/barsensarosa.com\/#website","url":"https:\/\/barsensarosa.com\/","name":"Bar Sensarosa","description":"Bar Sensarosa","publisher":{"@id":"https:\/\/barsensarosa.com\/#organization"},"potentialAction":[{"@type":"SearchAction","target":{"@type":"EntryPoint","urlTemplate":"https:\/\/barsensarosa.com\/?s={search_term_string}"},"query-input":{"@type":"PropertyValueSpecification","valueRequired":true,"valueName":"search_term_string"}}],"inLanguage":"eu"},{"@type":"Organization","@id":"https:\/\/barsensarosa.com\/#organization","name":"Bar Sensarosa","url":"https:\/\/barsensarosa.com\/","logo":{"@type":"ImageObject","inLanguage":"eu","@id":"https:\/\/barsensarosa.com\/#\/schema\/logo\/image\/","url":"https:\/\/barsensarosa.com\/wp-content\/uploads\/2025\/10\/cropped-logo.jpg","contentUrl":"https:\/\/barsensarosa.com\/wp-content\/uploads\/2025\/10\/cropped-logo.jpg","width":297,"height":222,"caption":"Bar Sensarosa"},"image":{"@id":"https:\/\/barsensarosa.com\/#\/schema\/logo\/image\/"}}]}},"_links":{"self":[{"href":"https:\/\/barsensarosa.com\/eu\/wp-json\/wp\/v2\/pages\/2","targetHints":{"allow":["GET"]}}],"collection":[{"href":"https:\/\/barsensarosa.com\/eu\/wp-json\/wp\/v2\/pages"}],"about":[{"href":"https:\/\/barsensarosa.com\/eu\/wp-json\/wp\/v2\/types\/page"}],"author":[{"embeddable":true,"href":"https:\/\/barsensarosa.com\/eu\/wp-json\/wp\/v2\/users\/1"}],"replies":[{"embeddable":true,"href":"https:\/\/barsensarosa.com\/eu\/wp-json\/wp\/v2\/comments?post=2"}],"version-history":[{"count":202,"href":"https:\/\/barsensarosa.com\/eu\/wp-json\/wp\/v2\/pages\/2\/revisions"}],"predecessor-version":[{"id":621,"href":"https:\/\/barsensarosa.com\/eu\/wp-json\/wp\/v2\/pages\/2\/revisions\/621"}],"wp:attachment":[{"href":"https:\/\/barsensarosa.com\/eu\/wp-json\/wp\/v2\/media?parent=2"}],"curies":[{"name":"wp","href":"https:\/\/api.w.org\/{rel}","templated":true}]}}